{"id":731,"date":"2016-03-11T05:43:42","date_gmt":"2016-03-11T04:43:42","guid":{"rendered":"http:\/\/www1.noofroesch-mantel.de\/?page_id=731"},"modified":"2019-01-27T12:35:28","modified_gmt":"2019-01-27T11:35:28","slug":"noofroesche","status":"publish","type":"page","link":"https:\/\/www.noofroesch-mantel.de\/?page_id=731","title":{"rendered":"Die Noofr\u00f6sche"},"content":{"rendered":"<p>Das sind wir, eine bunte Mischung von unterschiedlichen Charakteren mit unterschiedlicher Erfahrung im Laientheater. Aber wir alle haben uns der Aufgabe verschrieben unseren G\u00e4sten einen unterhaltsamen Abend zu bieten, auf den sie sich lange freuen und an den sie sich noch l\u00e4nger zur\u00fcck erinnern werden.<\/p>\n<p>Zur Auff\u00fchrung bringen wir Lustspiele, also Kom\u00f6dien aus dem b\u00fcrgerlichen Leben, in die wir gerne Lokalkolorit einbauen. Immer mit einem Augenzwinkern und nicht wirklich boshaft. Manchmal begeben wir uns nicht nur auf d\u00fcnnes Eis, sondern auch auf Neuland: F\u00fcr unser St\u00fcck <a href=\"http:\/\/www1.noofroesch-mantel.de\/index.php\/2015\/02\/28\/16-duemmer-als-die-polizei-erlaubt-2015\/\">D\u00fcmmer als die Polizei erlaubt<\/a> haben wir den Bank\u00fcberfall als kurzen Film gedreht. Was noch kommt wissen wir nicht, aber Kreativit\u00e4t ist unser Antrieb.<\/p>\n<p>Wir sind immer auf der Suche nach neuen Mitspielern oder Unterst\u00fctzung im technischen Bereich.<br \/>\nHast du Lust mit zu machen?<br \/>\nMelde dich bei unserem Spielleiter Bernd B\u00f6sl <a href=\"mailto:marberboesl@web.de\">per e-Mail<\/a> oder sprich uns einfach an, bei der Auff\u00fchrung, oder wann auch immer&#8230;<\/p>\n<div class='polaroid-gallery galleryid-731' style='width:auto;'>\n\t\t\t<a href=\"https:\/\/www.noofroesch-mantel.de\/wp-content\/uploads\/Werner_Blendl.jpg\" title=\"Werner_Blendl\" rel=\"polaroid_1409507737\" class=\"polaroid-gallery-item\"><span class=\"polaroid-gallery-image\" title=\"Werner Blendl<br \/>B\u00fchne &#038; Technik\" style=\"background-image: url(https:\/\/www.noofroesch-mantel.de\/wp-content\/uploads\/Werner_Blendl-150x150.jpg); width: 150px; height: 150px;\"><\/span><\/a>\n\t\t\t<a href=\"https:\/\/www.noofroesch-mantel.de\/wp-content\/uploads\/Bernd_Boesl_II.jpg\" title=\"Bernd_Boesl_II\" rel=\"polaroid_1409507737\" class=\"polaroid-gallery-item\"><span class=\"polaroid-gallery-image\" title=\"Bernd B\u00f6sl<br \/>Spielleitung &#038; B\u00fchne\" style=\"background-image: url(https:\/\/www.noofroesch-mantel.de\/wp-content\/uploads\/Bernd_Boesl_II-150x150.jpg); width: 150px; height: 150px;\"><\/span><\/a>\n\t\t\t<a href=\"https:\/\/www.noofroesch-mantel.de\/wp-content\/uploads\/Evi_Lebegern.jpg\" title=\"Evi_Lebegern\" rel=\"polaroid_1409507737\" class=\"polaroid-gallery-item\"><span class=\"polaroid-gallery-image\" title=\"Evi Lebegern<br \/>Souffleuse\" style=\"background-image: url(https:\/\/www.noofroesch-mantel.de\/wp-content\/uploads\/Evi_Lebegern-150x150.jpg); width: 150px; height: 150px;\"><\/span><\/a>\n\t\t\t<a href=\"https:\/\/www.noofroesch-mantel.de\/wp-content\/uploads\/Gabriela_Reisser.jpg\" title=\"Gabriela_Reisser\" rel=\"polaroid_1409507737\" class=\"polaroid-gallery-item\"><span class=\"polaroid-gallery-image\" title=\"Gabi Rei\u00dfer\" style=\"background-image: url(https:\/\/www.noofroesch-mantel.de\/wp-content\/uploads\/Gabriela_Reisser-150x150.jpg); width: 150px; height: 150px;\"><\/span><\/a>\n\t\t\t<a href=\"https:\/\/www.noofroesch-mantel.de\/wp-content\/uploads\/Martina_Boesl.jpg\" title=\"Martina_Boesl\" rel=\"polaroid_1409507737\" class=\"polaroid-gallery-item\"><span class=\"polaroid-gallery-image\" title=\"Martina B\u00f6sl\" style=\"background-image: url(https:\/\/www.noofroesch-mantel.de\/wp-content\/uploads\/Martina_Boesl-150x150.jpg); width: 150px; height: 150px;\"><\/span><\/a>\n\t\t\t<a href=\"https:\/\/www.noofroesch-mantel.de\/wp-content\/uploads\/Carmen_Stubenvoll.jpg\" title=\"Carmen_Stubenvoll\" rel=\"polaroid_1409507737\" class=\"polaroid-gallery-item\"><span class=\"polaroid-gallery-image\" title=\"Carmen Stubenvoll\" style=\"background-image: url(https:\/\/www.noofroesch-mantel.de\/wp-content\/uploads\/Carmen_Stubenvoll-150x150.jpg); width: 150px; height: 150px;\"><\/span><\/a>\n\t\t\t<a href=\"https:\/\/www.noofroesch-mantel.de\/wp-content\/uploads\/Manfred_Hartung.jpg\" title=\"Manfred_Hartung\" rel=\"polaroid_1409507737\" class=\"polaroid-gallery-item\"><span class=\"polaroid-gallery-image\" title=\"Manfred Hartung\" style=\"background-image: url(https:\/\/www.noofroesch-mantel.de\/wp-content\/uploads\/Manfred_Hartung-150x150.jpg); width: 150px; height: 150px;\"><\/span><\/a>\n\t\t\t<a href=\"https:\/\/www.noofroesch-mantel.de\/wp-content\/uploads\/Wolfgang_Knoll.jpg\" title=\"Wolfgang_Knoll\" rel=\"polaroid_1409507737\" class=\"polaroid-gallery-item\"><span class=\"polaroid-gallery-image\" title=\"Wolfgang Knoll\" style=\"background-image: url(https:\/\/www.noofroesch-mantel.de\/wp-content\/uploads\/Wolfgang_Knoll-150x150.jpg); width: 150px; height: 150px;\"><\/span><\/a>\n\t\t\t<a href=\"https:\/\/www.noofroesch-mantel.de\/wp-content\/uploads\/Petra_Wiesend.jpg\" title=\"Petra_Wiesend\" rel=\"polaroid_1409507737\" class=\"polaroid-gallery-item\"><span class=\"polaroid-gallery-image\" title=\"Petra Wiesend\" style=\"background-image: url(https:\/\/www.noofroesch-mantel.de\/wp-content\/uploads\/Petra_Wiesend-150x150.jpg); width: 150px; height: 150px;\"><\/span><\/a>\n\t\t\t<a href=\"https:\/\/www.noofroesch-mantel.de\/wp-content\/uploads\/Peter_Weigl.jpg\" title=\"Peter_Weigl\" rel=\"polaroid_1409507737\" class=\"polaroid-gallery-item\"><span class=\"polaroid-gallery-image\" title=\"Peter Weigl\" style=\"background-image: url(https:\/\/www.noofroesch-mantel.de\/wp-content\/uploads\/Peter_Weigl-150x150.jpg); width: 150px; height: 150px;\"><\/span><\/a>\n\t\t\t<a href=\"https:\/\/www.noofroesch-mantel.de\/wp-content\/uploads\/Frank_Borchardt.jpg\" title=\"Frank_Borchardt\" rel=\"polaroid_1409507737\" class=\"polaroid-gallery-item\"><span class=\"polaroid-gallery-image\" title=\"Frank Borchardt\" style=\"background-image: url(https:\/\/www.noofroesch-mantel.de\/wp-content\/uploads\/Frank_Borchardt-150x150.jpg); width: 150px; height: 150px;\"><\/span><\/a>\n\t\t\t<a href=\"https:\/\/www.noofroesch-mantel.de\/wp-content\/uploads\/Birgit_Huemmer.jpg\" title=\"Birgit_Huemmer\" rel=\"polaroid_1409507737\" class=\"polaroid-gallery-item\"><span class=\"polaroid-gallery-image\" title=\"Birgit H\u00fcmmer<br\/>Maske\" style=\"background-image: url(https:\/\/www.noofroesch-mantel.de\/wp-content\/uploads\/Birgit_Huemmer-150x150.jpg); width: 150px; height: 150px;\"><\/span><\/a>\n\t\t\t<a href=\"https:\/\/www.noofroesch-mantel.de\/wp-content\/uploads\/Hana_Kress.jpg\" title=\"Hana_Kress\" rel=\"polaroid_1409507737\" class=\"polaroid-gallery-item\"><span class=\"polaroid-gallery-image\" title=\"Hana Kre\u00df\" style=\"background-image: url(https:\/\/www.noofroesch-mantel.de\/wp-content\/uploads\/Hana_Kress-150x150.jpg); width: 150px; height: 150px;\"><\/span><\/a>\n\t\t\t<a href=\"https:\/\/www.noofroesch-mantel.de\/wp-content\/uploads\/Alfons_Lebegern.jpg\" title=\"Alfons_Lebegern\" rel=\"polaroid_1409507737\" class=\"polaroid-gallery-item\"><span class=\"polaroid-gallery-image\" title=\"Alfons Lebegern<br \/>Charakterrollen\" style=\"background-image: url(https:\/\/www.noofroesch-mantel.de\/wp-content\/uploads\/Alfons_Lebegern-150x150.jpg); width: 150px; height: 150px;\"><\/span><\/a>\n\t\t\t<a href=\"https:\/\/www.noofroesch-mantel.de\/wp-content\/uploads\/Stefan_Pinske.jpg\" title=\"Stefan_Pinske\" rel=\"polaroid_1409507737\" class=\"polaroid-gallery-item\"><span class=\"polaroid-gallery-image\" title=\"Stefan Pinske<br \/> B\u00fchne &#038; Technik\" style=\"background-image: url(https:\/\/www.noofroesch-mantel.de\/wp-content\/uploads\/Stefan_Pinske-150x150.jpg); width: 150px; height: 150px;\"><\/span><\/a>\n\t\t\t<a href=\"https:\/\/www.noofroesch-mantel.de\/wp-content\/uploads\/Heribert_Ficker.jpg\" title=\"Heribert_Ficker\" rel=\"polaroid_1409507737\" class=\"polaroid-gallery-item\"><span class=\"polaroid-gallery-image\" title=\"Heribert Ficker\" style=\"background-image: url(https:\/\/www.noofroesch-mantel.de\/wp-content\/uploads\/Heribert_Ficker-150x150.jpg); width: 150px; height: 150px;\"><\/span><\/a>\n\t\t\t<a href=\"https:\/\/www.noofroesch-mantel.de\/wp-content\/uploads\/Birgit_Gebhard.jpg\" title=\"Birgit_Gebhard\" rel=\"polaroid_1409507737\" class=\"polaroid-gallery-item\"><span class=\"polaroid-gallery-image\" title=\"Birgit Gebhard\" style=\"background-image: url(https:\/\/www.noofroesch-mantel.de\/wp-content\/uploads\/Birgit_Gebhard-150x150.jpg); width: 150px; height: 150px;\"><\/span><\/a>\n\t\t\t<br style=\"clear: both;\" \/><\/div>\n\n<p>Unsere gespielten St\u00fccke:<br \/>\n\n<table id=\"tablepress-23\" class=\"tablepress tablepress-id-23\">\n<thead>\n<tr class=\"row-1 odd\">\n\t<th class=\"column-1\">Jahr<\/th><th class=\"column-2\">St\u00fcck<\/th>\n<\/tr>\n<\/thead>\n<tbody class=\"row-hover\">\n<tr class=\"row-2 even\">\n\t<td class=\"column-1\">1997<\/td><td class=\"column-2\">Das Verlegenheitskind<\/td>\n<\/tr>\n<tr class=\"row-3 odd\">\n\t<td class=\"column-1\">1998<\/td><td class=\"column-2\">Die L\u00fcgenglocke<\/td>\n<\/tr>\n<tr class=\"row-4 even\">\n\t<td class=\"column-1\">1999<\/td><td class=\"column-2\">Jedem die Seine und mir die Meine<\/td>\n<\/tr>\n<tr class=\"row-5 odd\">\n\t<td class=\"column-1\">2000<\/td><td class=\"column-2\">Die Ledigensteuer<\/td>\n<\/tr>\n<tr class=\"row-6 even\">\n\t<td class=\"column-1\">2002<\/td><td class=\"column-2\">Jakob Hirnmosers Wiedergeburt<\/td>\n<\/tr>\n<tr class=\"row-7 odd\">\n\t<td class=\"column-1\">2003<\/td><td class=\"column-2\">Der Bauerndiplomat<\/td>\n<\/tr>\n<tr class=\"row-8 even\">\n\t<td class=\"column-1\">2005<\/td><td class=\"column-2\">Ja Mama<\/td>\n<\/tr>\n<tr class=\"row-9 odd\">\n\t<td class=\"column-1\">2006<\/td><td class=\"column-2\">Entenkrieg in Mantel<\/td>\n<\/tr>\n<tr class=\"row-10 even\">\n\t<td class=\"column-1\">2007<\/td><td class=\"column-2\">Brautschau im Irrenhaus<\/td>\n<\/tr>\n<tr class=\"row-11 odd\">\n\t<td class=\"column-1\">2008<\/td><td class=\"column-2\">Rosinas letzter Wille<\/td>\n<\/tr>\n<tr class=\"row-12 even\">\n\t<td class=\"column-1\">2009<\/td><td class=\"column-2\">Im Dunkeln ist gut munkeln<\/td>\n<\/tr>\n<tr class=\"row-13 odd\">\n\t<td class=\"column-1\">2010<\/td><td class=\"column-2\">Hams an Hunger<\/td>\n<\/tr>\n<tr class=\"row-14 even\">\n\t<td class=\"column-1\">2011<\/td><td class=\"column-2\">Die Nacht der N\u00e4chte<\/td>\n<\/tr>\n<tr class=\"row-15 odd\">\n\t<td class=\"column-1\">2013<\/td><td class=\"column-2\">Der Himmel wart net<\/td>\n<\/tr>\n<tr class=\"row-16 even\">\n\t<td class=\"column-1\">2014<\/td><td class=\"column-2\">Alles Neu macht der Mai<\/td>\n<\/tr>\n<tr class=\"row-17 odd\">\n\t<td class=\"column-1\">2015<\/td><td class=\"column-2\">D\u00fcmmer als die Polizei erlaubt<\/td>\n<\/tr>\n<tr class=\"row-18 even\">\n\t<td class=\"column-1\">2016<\/td><td class=\"column-2\">Der ledige Bauplatz<\/td>\n<\/tr>\n<tr class=\"row-19 odd\">\n\t<td class=\"column-1\">2017<\/td><td class=\"column-2\">Leberk\u00e4s und rote Strapse<\/td>\n<\/tr>\n<tr class=\"row-20 even\">\n\t<td class=\"column-1\">2018<\/td><td class=\"column-2\">Kreuzfahrt im Saustall<\/td>\n<\/tr>\n<tr class=\"row-21 odd\">\n\t<td class=\"column-1\">2019<\/td><td class=\"column-2\">Moral ist, wenn man es trotzdem macht!<\/td>\n<\/tr>\n<tr class=\"row-22 even\">\n\t<td class=\"column-1\">2020<\/td><td class=\"column-2\">Spielpause<\/td>\n<\/tr>\n<tr class=\"row-23 odd\">\n\t<td class=\"column-1\">2021<\/td><td class=\"column-2\">Spielpause<\/td>\n<\/tr>\n<tr class=\"row-24 even\">\n\t<td class=\"column-1\">2022<\/td><td class=\"column-2\">Spielpause<\/td>\n<\/tr>\n<tr class=\"row-25 odd\">\n\t<td class=\"column-1\">2023<\/td><td class=\"column-2\">Drei Engel f\u00fcr Ferdi<\/td>\n<\/tr>\n<\/tbody>\n<\/table>\n<!-- #tablepress-23 from cache --><\/p>\n","protected":false},"excerpt":{"rendered":"<p>Das sind wir, eine bunte Mischung von unterschiedlichen Charakteren mit unterschiedlicher Erfahrung im Laientheater. Aber wir alle haben uns der Aufgabe verschrieben unseren G\u00e4sten einen unterhaltsamen Abend zu bieten, auf den sie sich lange freuen und an den sie sich noch l\u00e4nger zur\u00fcck erinnern werden. Zur Auff\u00fchrung bringen wir Lustspiele, also Kom\u00f6dien aus dem b\u00fcrgerlichen Leben, in die wir gerne Lokalkolorit einbauen. Immer mit einem Augenzwinkern und nicht wirklich boshaft. Manchmal begeben wir uns nicht nur auf d\u00fcnnes Eis, sondern auch auf Neuland: F\u00fcr unser St\u00fcck D\u00fcmmer als die Polizei erlaubt haben wir den Bank\u00fcberfall als kurzen Film gedreht. Was\u2026<\/p>\n<p> <a class=\"continue-reading-link\" href=\"https:\/\/www.noofroesch-mantel.de\/?page_id=731\"><span>Weiter&#8230;<\/span><i class=\"crycon-right-dir\"><\/i><\/a> <\/p>\n","protected":false},"author":1,"featured_media":0,"parent":0,"menu_order":0,"comment_status":"closed","ping_status":"closed","template":"","meta":{"ngg_post_thumbnail":0},"_links":{"self":[{"href":"https:\/\/www.noofroesch-mantel.de\/index.php?rest_route=\/wp\/v2\/pages\/731"}],"collection":[{"href":"https:\/\/www.noofroesch-mantel.de\/index.php?rest_route=\/wp\/v2\/pages"}],"about":[{"href":"https:\/\/www.noofroesch-mantel.de\/index.php?rest_route=\/wp\/v2\/types\/page"}],"author":[{"embeddable":true,"href":"https:\/\/www.noofroesch-mantel.de\/index.php?rest_route=\/wp\/v2\/users\/1"}],"replies":[{"embeddable":true,"href":"https:\/\/www.noofroesch-mantel.de\/index.php?rest_route=%2Fwp%2Fv2%2Fcomments&post=731"}],"version-history":[{"count":35,"href":"https:\/\/www.noofroesch-mantel.de\/index.php?rest_route=\/wp\/v2\/pages\/731\/revisions"}],"predecessor-version":[{"id":1200,"href":"https:\/\/www.noofroesch-mantel.de\/index.php?rest_route=\/wp\/v2\/pages\/731\/revisions\/1200"}],"wp:attachment":[{"href":"https:\/\/www.noofroesch-mantel.de\/index.php?rest_route=%2Fwp%2Fv2%2Fmedia&parent=731"}],"curies":[{"name":"wp","href":"https:\/\/api.w.org\/{rel}","templated":true}]}}